{"id":114928,"date":"2022-04-12T21:47:23","date_gmt":"2022-04-12T21:47:23","guid":{"rendered":"https:\/\/stg.stg.harmonyadjuvantmelanomastudy.com\/faqs\/"},"modified":"2023-09-15T17:03:57","modified_gmt":"2023-09-15T17:03:57","slug":"faqs","status":"publish","type":"page","link":"https:\/\/stg.harmonyadjuvantmelanomastudy.com\/fr-be\/faqs\/","title":{"rendered":"FAQs"},"content":{"rendered":"<div class=\"wpb-content-wrapper\"><p>[vc_row row_height_percent=\u00a0\u00bb90&Prime; override_padding=\u00a0\u00bbyes\u00a0\u00bb h_padding=\u00a0\u00bb2&Prime; top_padding=\u00a0\u00bb5&Prime; bottom_padding=\u00a0\u00bb5&Prime; back_color=\u00a0\u00bbcolor-105898&Prime; back_image=\u00a0\u00bb110855&Prime; back_position=\u00a0\u00bbcenter top\u00a0\u00bb overlay_alpha=\u00a0\u00bb50&Prime; gutter_size=\u00a0\u00bb4&Prime; column_width_percent=\u00a0\u00bb100&Prime; shift_y=\u00a0\u00bb0&Prime; z_index=\u00a0\u00bb0&Prime; top_divider=\u00a0\u00bbgradient\u00a0\u00bb bottom_divider=\u00a0\u00bbstep_3_4&Prime; uncode_shortcode_id=\u00a0\u00bb171042&Prime; back_color_type=\u00a0\u00bbuncode-palette\u00a0\u00bb][vc_column column_width_percent=\u00a0\u00bb100&Prime; position_vertical=\u00a0\u00bbmiddle\u00a0\u00bb gutter_size=\u00a0\u00bb6&Prime; style=\u00a0\u00bbdark\u00a0\u00bb overlay_alpha=\u00a0\u00bb50&Prime; shift_x=\u00a0\u00bb0&Prime; shift_y=\u00a0\u00bb0&Prime; shift_y_down=\u00a0\u00bb0&Prime; z_index=\u00a0\u00bb0&Prime; medium_width=\u00a0\u00bb0&Prime; mobile_width=\u00a0\u00bb0&Prime; width=\u00a0\u00bb1\/1&Prime; uncode_shortcode_id=\u00a0\u00bb744311&Prime;][vc_row_inner row_inner_height_percent=\u00a0\u00bb0&Prime; overlay_alpha=\u00a0\u00bb50&Prime; gutter_size=\u00a0\u00bb4&Prime; shift_y=\u00a0\u00bb0&Prime; z_index=\u00a0\u00bb0&Prime; inverted_device_order=\u00a0\u00bbyes\u00a0\u00bb limit_content=\u00a0\u00bb\u00a0\u00bb][vc_column_inner column_width_percent=\u00a0\u00bb100&Prime; position_vertical=\u00a0\u00bbmiddle\u00a0\u00bb gutter_size=\u00a0\u00bb2&Prime; style=\u00a0\u00bbdark\u00a0\u00bb overlay_alpha=\u00a0\u00bb50&Prime; shift_x=\u00a0\u00bb0&Prime; shift_y=\u00a0\u00bb0&Prime; shift_y_down=\u00a0\u00bb0&Prime; z_index=\u00a0\u00bb0&Prime; medium_width=\u00a0\u00bb4&Prime; align_mobile=\u00a0\u00bbalign_center_mobile\u00a0\u00bb mobile_width=\u00a0\u00bb0&Prime; width=\u00a0\u00bb7\/12&Prime; uncode_shortcode_id=\u00a0\u00bb128842&Prime;][vc_custom_heading heading_semantic=\u00a0\u00bbh1&Prime; text_font=\u00a0\u00bbfont-146862&Prime; text_size=\u00a0\u00bbfontsize-338686&Prime; text_weight=\u00a0\u00bb400&Prime; text_height=\u00a0\u00bbfontheight-179065&Prime; text_space=\u00a0\u00bbfontspace-781688&Prime; uncode_shortcode_id=\u00a0\u00bb302619&Prime;]Foire aux questions[\/vc_custom_heading][vc_custom_heading heading_semantic=\u00a0\u00bbh3&Prime; text_size=\u00a0\u00bbh3&Prime; text_weight=\u00a0\u00bb400&Prime; text_height=\u00a0\u00bbfontheight-357766&Prime; uncode_shortcode_id=\u00a0\u00bb865545&Prime;]Questions sur le traitement \u00e0 l\u2019\u00e9tude[\/vc_custom_heading][vc_empty_space empty_h=\u00a0\u00bb1&Prime;][\/vc_column_inner][vc_column_inner column_width_percent=\u00a0\u00bb100&Prime; position_vertical=\u00a0\u00bbmiddle\u00a0\u00bb gutter_size=\u00a0\u00bb3&Prime; style=\u00a0\u00bbdark\u00a0\u00bb overlay_alpha=\u00a0\u00bb50&Prime; shift_x=\u00a0\u00bb0&Prime; shift_y=\u00a0\u00bb0&Prime; shift_y_down=\u00a0\u00bb0&Prime; z_index=\u00a0\u00bb0&Prime; medium_width=\u00a0\u00bb4&Prime; mobile_width=\u00a0\u00bb0&Prime; width=\u00a0\u00bb5\/12&Prime; uncode_shortcode_id=\u00a0\u00bb872545&Prime;][vc_single_image media=\u00a0\u00bb110851&Prime; media_width_percent=\u00a0\u00bb100&Prime; alignment=\u00a0\u00bbcenter\u00a0\u00bb uncode_shortcode_id=\u00a0\u00bb192190&Prime;][\/vc_column_inner][\/vc_row_inner][\/vc_column][\/vc_row][vc_row row_height_percent=\u00a0\u00bb0&Prime; override_padding=\u00a0\u00bbyes\u00a0\u00bb h_padding=\u00a0\u00bb2&Prime; top_padding=\u00a0\u00bb4&Prime; bottom_padding=\u00a0\u00bb4&Prime; overlay_alpha=\u00a0\u00bb100&Prime; gutter_size=\u00a0\u00bb100&Prime; column_width_percent=\u00a0\u00bb100&Prime; shift_y=\u00a0\u00bb0&Prime; z_index=\u00a0\u00bb0&Prime; style=\u00a0\u00bbinherited\u00a0\u00bb][vc_column column_width_percent=\u00a0\u00bb100&Prime; gutter_size=\u00a0\u00bb3&Prime; overlay_alpha=\u00a0\u00bb50&Prime; shift_x=\u00a0\u00bb0&Prime; shift_y=\u00a0\u00bb0&Prime; shift_y_down=\u00a0\u00bb0&Prime; z_index=\u00a0\u00bb0&Prime; medium_width=\u00a0\u00bb0&Prime; mobile_width=\u00a0\u00bb0&Prime; zoom_width=\u00a0\u00bb0&Prime; zoom_height=\u00a0\u00bb0&Prime; width=\u00a0\u00bb1\/1&Prime; uncode_shortcode_id=\u00a0\u00bb790384&Prime;][vc_custom_heading heading_semantic=\u00a0\u00bbh3&Prime; text_size=\u00a0\u00bbh3&Prime; text_space=\u00a0\u00bbfontspace-781688&Prime; uncode_shortcode_id=\u00a0\u00bb352457&Prime;]Questions sur le traitement \u00e0 l\u2019\u00e9tude[\/vc_custom_heading][vc_accordion typography=\u00a0\u00bbyes\u00a0\u00bb sign=\u00a0\u00bbplus\u00a0\u00bb active_tab=\u00a0\u00bb0&Prime;][vc_accordion_tab gutter_size=\u00a0\u00bb2&Prime; column_padding=\u00a0\u00bb2&Prime; title=\u00a0\u00bbQuel traitement \u00e0 l\u2019\u00e9tude vais-je recevoir pendant l\u2019\u00e9tude\u00a0?\u00a0\u00bb tab_id=\u00a0\u00bb24a731b5-e185-3&Prime;][vc_column_text uncode_shortcode_id=\u00a0\u00bb165891&Prime;]Vous serez affect\u00e9(e) au hasard dans un groupe de traitement pour recevoir les deux m\u00e9dicaments \u00e0 l\u2019\u00e9tude (groupe \u00e0 dose faible ou groupe \u00e0 dose \u00e9lev\u00e9e), ou une option de traitement couramment utilis\u00e9e pour emp\u00eacher le m\u00e9lanome de r\u00e9appara\u00eetre apr\u00e8s une chirurgie d\u2019ablation du cancer, appel\u00e9e pembrolizumab, avec un placebo.[\/vc_column_text][\/vc_accordion_tab][vc_accordion_tab gutter_size=\u00a0\u00bb2&Prime; column_padding=\u00a0\u00bb2&Prime; title=\u00a0\u00bbQue signifie \u00ab\u00a0m\u00e9dicament \u00e0 l\u2019\u00e9tude\u00a0\u00bb\u00a0?\u00a0\u00bb tab_id=\u00a0\u00bb1666717276638-7-7&Prime;][vc_column_text uncode_shortcode_id=\u00a0\u00bb115688&Prime;]Le terme \u00ab\u00a0m\u00e9dicament \u00e0 l\u2019\u00e9tude\u00a0\u00bb signifie que la s\u00e9curit\u00e9 et l\u2019efficacit\u00e9 des m\u00e9dicaments \u00e0 l\u2019\u00e9tude n\u2019ont pas \u00e9t\u00e9 enti\u00e8rement \u00e9valu\u00e9es et qu\u2019ils ne sont actuellement pas approuv\u00e9s par les autorit\u00e9s sanitaires r\u00e9glementaires sp\u00e9cifiques \u00e0 un pays pour une utilisation dans le traitement d\u2019une maladie sp\u00e9cifique, mais qu\u2019ils peuvent \u00eatre utilis\u00e9s \u00e0 des fins de recherche clinique.[\/vc_column_text][\/vc_accordion_tab][vc_accordion_tab gutter_size=\u00a0\u00bb2&Prime; column_padding=\u00a0\u00bb2&Prime; title=\u00a0\u00bbComment les m\u00e9dicaments \u00e0 l\u2019\u00e9tude agissent-ils\u00a0?\u00a0\u00bb tab_id=\u00a0\u00bb51669b3a-8e8e-2&Prime;][vc_column_text uncode_shortcode_id=\u00a0\u00bb204986&Prime;]Les m\u00e9dicaments \u00e0 l\u2019\u00e9tude agissent en aidant vos cellules immunitaires \u00e0 trouver et \u00e0 d\u00e9truire les cellules canc\u00e9reuses.[\/vc_column_text][\/vc_accordion_tab][vc_accordion_tab gutter_size=\u00a0\u00bb2&Prime; column_padding=\u00a0\u00bb2&Prime; title=\u00a0\u00bbCertains des m\u00e9dicaments \u00e0 l\u2019\u00e9tude sont-ils d\u00e9j\u00e0 utilis\u00e9s pour traiter le m\u00e9lanome avanc\u00e9\u00a0?\u00a0\u00bb tab_id=\u00a0\u00bbef5915c9-1af0-2&Prime;][vc_column_text uncode_shortcode_id=\u00a0\u00bb152079&Prime;]Le pembrolizumab est approuv\u00e9 dans certains pays comme option de traitement du m\u00e9lanome chez l\u2019adulte. L\u2019un des autres m\u00e9dicaments \u00e0 l\u2019\u00e9tude est approuv\u00e9 dans certains pays comme option de traitement dans d\u2019autres types de cancer, mais n\u2019est actuellement pas approuv\u00e9 pour le m\u00e9lanome. Le troisi\u00e8me m\u00e9dicament \u00e0 l\u2019\u00e9tude n\u2019est approuv\u00e9 dans aucun pays pour aucun traitement.[\/vc_column_text][\/vc_accordion_tab][vc_accordion_tab gutter_size=\u00a0\u00bb2&Prime; column_padding=\u00a0\u00bb2&Prime; title=\u00a0\u00bbQu\u2019est-ce qu\u2019un placebo\u00a0?\u00a0\u00bb tab_id=\u00a0\u00bb0a882431-6c4b-0&Prime;][vc_column_text uncode_shortcode_id=\u00a0\u00bb188105&Prime;]Un placebo a le m\u00eame aspect que le m\u00e9dicament \u00e0 l\u2019\u00e9tude mais ne contient pas de m\u00e9dicament actif. Cela donne aux chercheurs un \u00e9l\u00e9ment \u00e0 comparer aux m\u00e9dicaments \u00e0 l\u2019\u00e9tude pour mieux comprendre leur action. Aucun patient de l\u2019\u00e9tude ne recevra uniquement un placebo. Tous les participants recevront un traitement anticanc\u00e9reux actif.[\/vc_column_text][\/vc_accordion_tab][vc_accordion_tab gutter_size=\u00a0\u00bb2&Prime; column_padding=\u00a0\u00bb2&Prime; title=\u00a0\u00bbComment l\u2019attribution aux groupes de traitement \u00e0 l\u2019\u00e9tude est-elle r\u00e9alis\u00e9e\u00a0?\u00a0\u00bb tab_id=\u00a0\u00bb1659029436671-5-0&Prime;][vc_column_text uncode_shortcode_id=\u00a0\u00bb211551&Prime;]Un ordinateur est utilis\u00e9 pour affecter au hasard des participants \u00e0 des groupes de traitement \u00e0 l\u2019\u00e9tude, comme lorsqu\u2019on tire \u00e0 pile ou face. C\u2019est ce que l\u2019on appelle la randomisation.[\/vc_column_text][\/vc_accordion_tab][vc_accordion_tab gutter_size=\u00a0\u00bb2&Prime; column_padding=\u00a0\u00bb2&Prime; title=\u00a0\u00bbY a-t-il des effets secondaires li\u00e9s aux m\u00e9dicaments \u00e0 l\u2019\u00e9tude\u00a0?\u00a0\u00bb tab_id=\u00a0\u00bb1659029463838-6-5&Prime;][vc_column_text uncode_shortcode_id=\u00a0\u00bb143517&Prime;]Comme avec tous les m\u00e9dicaments, il y a un risque d\u2019effets secondaires, qui sont des effets ind\u00e9sirables et non attendus d\u2019un m\u00e9dicament. Demandez de plus amples informations au sujet des effets secondaires \u00e9ventuels au m\u00e9decin de l\u2019\u00e9tude. Votre \u00e9tat de sant\u00e9 sera \u00e9troitement surveill\u00e9 tout au long de l\u2019\u00e9tude. Il est tr\u00e8s important d\u2019informer le m\u00e9decin de l\u2019\u00e9tude si vous remarquez des changements dans votre sant\u00e9 ou si quelque chose vous pr\u00e9occupe.[\/vc_column_text][\/vc_accordion_tab][\/vc_accordion][vc_empty_space empty_h=\u00a0\u00bb3&Prime;][vc_custom_heading heading_semantic=\u00a0\u00bbh3&Prime; text_size=\u00a0\u00bbh3&Prime; text_space=\u00a0\u00bbfontspace-781688&Prime; uncode_shortcode_id=\u00a0\u00bb859334&Prime;]Questions g\u00e9n\u00e9rales au sujet de l\u2019\u00e9tude[\/vc_custom_heading][vc_accordion typography=\u00a0\u00bbyes\u00a0\u00bb sign=\u00a0\u00bbplus\u00a0\u00bb active_tab=\u00a0\u00bb0&Prime;][vc_accordion_tab gutter_size=\u00a0\u00bb2&Prime; column_padding=\u00a0\u00bb2&Prime; title=\u00a0\u00bbCombien de temps durera ma participation \u00e0 l\u2019\u00e9tude\u00a0?\u00a0\u00bb tab_id=\u00a0\u00bb1666716724-1-95&Prime;][vc_column_text uncode_shortcode_id=\u00a0\u00bb378920&Prime;]Votre participation \u00e0 l\u2019\u00e9tude pourra durer jusqu\u2019\u00e0 5\u00a0ans.[\/vc_column_text][\/vc_accordion_tab][vc_accordion_tab gutter_size=\u00a0\u00bb2&Prime; column_padding=\u00a0\u00bb2&Prime; title=\u00a0\u00bbCombien de fois devrai-je me rendre au centre de l\u2019\u00e9tude\u00a0?\u00a0\u00bb tab_id=\u00a0\u00bb1666716724-2-33&Prime;][vc_column_text uncode_shortcode_id=\u00a0\u00bb172396&Prime;]Vous aurez des visites de l\u2019\u00e9tude toutes les 3\u00a0semaines environ pendant 12\u00a0mois afin de recevoir le traitement \u00e0 l\u2019\u00e9tude et de r\u00e9aliser des examens pour s\u2019assurer que le traitement peut \u00eatre poursuivi en toute s\u00e9curit\u00e9. Vous aurez \u00e9galement des examens d\u2019imagerie pour la surveillance toutes les 12\u00a0semaines environ. Apr\u00e8s votre derni\u00e8re dose du traitement \u00e0 l\u2019\u00e9tude, la fr\u00e9quence \u00e0 laquelle vous vous rendrez au centre de l\u2019\u00e9tude d\u00e9pendra de votre statut tumoral.[\/vc_column_text][\/vc_accordion_tab][vc_accordion_tab gutter_size=\u00a0\u00bb2&Prime; column_padding=\u00a0\u00bb2&Prime; title=\u00a0\u00bbQuels sont les b\u00e9n\u00e9fices de la participation \u00e0 l\u2019\u00e9tude clinique\u00a0?\u00a0\u00bb tab_id=\u00a0\u00bb1666716837187-2-3&Prime;][vc_column_text uncode_shortcode_id=\u00a0\u00bb368788&Prime;]Vous pouvez ou non obtenir un b\u00e9n\u00e9fice direct de votre participation \u00e0 l\u2019\u00e9tude clinique. Cependant, vous serez surveill\u00e9(e) de mani\u00e8re continue par des m\u00e9decins sp\u00e9cialis\u00e9s dans le m\u00e9lanome cutan\u00e9, et toute information recueillie au cours de l\u2019\u00e9tude pourrait aider les m\u00e9decins \u00e0 en savoir plus sur le traitement d\u2019autres personnes souffrant d\u2019un m\u00e9lanome.[\/vc_column_text][\/vc_accordion_tab][vc_accordion_tab gutter_size=\u00a0\u00bb2&Prime; column_padding=\u00a0\u00bb2&Prime; title=\u00a0\u00bbY a-t-il un co\u00fbt li\u00e9 \u00e0 la participation \u00e0 l\u2019\u00e9tude\u00a0?\u00a0\u00bb tab_id=\u00a0\u00bb1666716838989-3-9&Prime;][vc_column_text uncode_shortcode_id=\u00a0\u00bb148623&Prime;]Il n\u2019y aura pas de frais pour vous pour les m\u00e9dicaments \u00e0 l\u2019\u00e9tude, les visites, les tests ou les fournitures n\u00e9cessaires \u00e0 l\u2019\u00e9tude.[\/vc_column_text][\/vc_accordion_tab][vc_accordion_tab gutter_size=\u00a0\u00bb2&Prime; column_padding=\u00a0\u00bb2&Prime; title=\u00a0\u00bbQui est le promoteur de l\u2019\u00e9tude\u00a0?\u00a0\u00bb tab_id=\u00a0\u00bb1666716840438-4-8&Prime;][vc_column_text uncode_shortcode_id=\u00a0\u00bb114846&Prime;]La soci\u00e9t\u00e9 de biotechnologie Regeneron Pharmaceuticals est le promoteur de l\u2019\u00e9tude HARMONY-Adjuvant. Elle r\u00e9mun\u00e8re le m\u00e9decin de l\u2019\u00e9tude et le centre de l\u2019\u00e9tude pour mener cette \u00e9tude.[\/vc_column_text][\/vc_accordion_tab][vc_accordion_tab gutter_size=\u00a0\u00bb2&Prime; column_padding=\u00a0\u00bb2&Prime; title=\u00a0\u00bbQue se passera-t-il si je d\u00e9cide de participer \u00e0 l\u2019\u00e9tude puis que je change d\u2019avis\u00a0?\u00a0\u00bb tab_id=\u00a0\u00bb1666716966938-5-6&Prime;][vc_column_text uncode_shortcode_id=\u00a0\u00bb133429&Prime;]La participation \u00e0 l\u2019\u00e9tude est volontaire. Si vous d\u00e9cidez de participer et que vous changez d\u2019avis apr\u00e8s, vous pouvez quitter l\u2019\u00e9tude \u00e0 tout moment.[\/vc_column_text][\/vc_accordion_tab][\/vc_accordion][\/vc_column][\/vc_row]<\/p>\n<\/div>","protected":false},"excerpt":{"rendered":"<p>[vc_row row_height_percent=\u00a0\u00bb90&Prime; override_padding=\u00a0\u00bbyes\u00a0\u00bb h_padding=\u00a0\u00bb2&Prime; top_padding=\u00a0\u00bb5&Prime; bottom_padding=\u00a0\u00bb5&Prime; back_color=\u00a0\u00bbcolor-105898&Prime; back_image=\u00a0\u00bb110855&Prime; back_position=\u00a0\u00bbcenter top\u00a0\u00bb overlay_alpha=\u00a0\u00bb50&Prime; gutter_size=\u00a0\u00bb4&Prime; column_width_percent=\u00a0\u00bb100&Prime; shift_y=\u00a0\u00bb0&Prime; z_index=\u00a0\u00bb0&Prime; top_divider=\u00a0\u00bbgradient\u00a0\u00bb bottom_divider=\u00a0\u00bbstep_3_4&Prime; uncode_shortcode_id=\u00a0\u00bb171042&Prime; back_color_type=\u00a0\u00bbuncode-palette\u00a0\u00bb][vc_column column_width_percent=\u00a0\u00bb100&Prime; [&hellip;]<\/p>\n","protected":false},"author":2,"featured_media":0,"parent":0,"menu_order":0,"comment_status":"closed","ping_status":"closed","template":"","meta":{"footnotes":""},"class_list":["post-114928","page","type-page","status-publish","hentry"],"aioseo_notices":[],"_links":{"self":[{"href":"https:\/\/stg.harmonyadjuvantmelanomastudy.com\/fr-be\/wp-json\/wp\/v2\/pages\/114928","targetHints":{"allow":["GET"]}}],"collection":[{"href":"https:\/\/stg.harmonyadjuvantmelanomastudy.com\/fr-be\/wp-json\/wp\/v2\/pages"}],"about":[{"href":"https:\/\/stg.harmonyadjuvantmelanomastudy.com\/fr-be\/wp-json\/wp\/v2\/types\/page"}],"author":[{"embeddable":true,"href":"https:\/\/stg.harmonyadjuvantmelanomastudy.com\/fr-be\/wp-json\/wp\/v2\/users\/2"}],"replies":[{"embeddable":true,"href":"https:\/\/stg.harmonyadjuvantmelanomastudy.com\/fr-be\/wp-json\/wp\/v2\/comments?post=114928"}],"version-history":[{"count":0,"href":"https:\/\/stg.harmonyadjuvantmelanomastudy.com\/fr-be\/wp-json\/wp\/v2\/pages\/114928\/revisions"}],"wp:attachment":[{"href":"https:\/\/stg.harmonyadjuvantmelanomastudy.com\/fr-be\/wp-json\/wp\/v2\/media?parent=114928"}],"curies":[{"name":"wp","href":"https:\/\/api.w.org\/{rel}","templated":true}]}}