{"id":116057,"date":"2022-04-12T21:47:23","date_gmt":"2022-04-12T21:47:23","guid":{"rendered":"https:\/\/stg.stg.harmonyadjuvantmelanomastudy.com\/faqs\/"},"modified":"2023-11-30T22:12:00","modified_gmt":"2023-11-30T22:12:00","slug":"faqs","status":"publish","type":"page","link":"https:\/\/stg.harmonyadjuvantmelanomastudy.com\/pt-br\/faqs\/","title":{"rendered":"FAQs"},"content":{"rendered":"<div class=\"wpb-content-wrapper\"><p>[vc_row row_height_percent=&#8221;90&#8243; override_padding=&#8221;yes&#8221; h_padding=&#8221;2&#8243; top_padding=&#8221;5&#8243; bottom_padding=&#8221;5&#8243; back_color=&#8221;color-105898&#8243; back_image=&#8221;110855&#8243; back_position=&#8221;center top&#8221; overlay_alpha=&#8221;50&#8243; gutter_size=&#8221;4&#8243; column_width_percent=&#8221;100&#8243; shift_y=&#8221;0&#8243; z_index=&#8221;0&#8243; top_divider=&#8221;gradient&#8221; bottom_divider=&#8221;step_3_4&#8243; uncode_shortcode_id=&#8221;171042&#8243; back_color_type=&#8221;uncode-palette&#8221;][vc_column column_width_percent=&#8221;100&#8243; position_vertical=&#8221;middle&#8221; gutter_size=&#8221;6&#8243; style=&#8221;dark&#8221; overlay_alpha=&#8221;50&#8243; shift_x=&#8221;0&#8243; shift_y=&#8221;0&#8243; shift_y_down=&#8221;0&#8243; z_index=&#8221;0&#8243; medium_width=&#8221;0&#8243; mobile_width=&#8221;0&#8243; width=&#8221;1\/1&#8243; uncode_shortcode_id=&#8221;744311&#8243;][vc_row_inner row_inner_height_percent=&#8221;0&#8243; overlay_alpha=&#8221;50&#8243; gutter_size=&#8221;4&#8243; shift_y=&#8221;0&#8243; z_index=&#8221;0&#8243; inverted_device_order=&#8221;yes&#8221; limit_content=&#8221;&#8221;][vc_column_inner column_width_percent=&#8221;100&#8243; position_vertical=&#8221;middle&#8221; gutter_size=&#8221;2&#8243; style=&#8221;dark&#8221; overlay_alpha=&#8221;50&#8243; shift_x=&#8221;0&#8243; shift_y=&#8221;0&#8243; shift_y_down=&#8221;0&#8243; z_index=&#8221;0&#8243; medium_width=&#8221;4&#8243; align_mobile=&#8221;align_center_mobile&#8221; mobile_width=&#8221;0&#8243; width=&#8221;7\/12&#8243; uncode_shortcode_id=&#8221;128842&#8243;][vc_custom_heading heading_semantic=&#8221;h1&#8243; text_font=&#8221;font-146862&#8243; text_size=&#8221;fontsize-338686&#8243; text_weight=&#8221;400&#8243; text_height=&#8221;fontheight-179065&#8243; text_space=&#8221;fontspace-781688&#8243; uncode_shortcode_id=&#8221;302619&#8243;]Perguntas frequentes[\/vc_custom_heading][vc_custom_heading heading_semantic=&#8221;h3&#8243; text_size=&#8221;h3&#8243; text_weight=&#8221;400&#8243; text_height=&#8221;fontheight-357766&#8243; uncode_shortcode_id=&#8221;865545&#8243;]<span data-sheets-value=\"{&quot;1&quot;:2,&quot;2&quot;:&quot;Perguntas sobre o tratamento do estudo&quot;}\" data-sheets-userformat=\"{&quot;2&quot;:15297,&quot;3&quot;:{&quot;1&quot;:0},&quot;9&quot;:0,&quot;10&quot;:1,&quot;11&quot;:4,&quot;12&quot;:0,&quot;14&quot;:{&quot;1&quot;:2,&quot;2&quot;:0},&quot;15&quot;:&quot;Arial&quot;,&quot;16&quot;:11}\">Perguntas sobre o tratamento do estudo<\/span>[\/vc_custom_heading][vc_empty_space empty_h=&#8221;1&#8243;][\/vc_column_inner][vc_column_inner column_width_percent=&#8221;100&#8243; position_vertical=&#8221;middle&#8221; gutter_size=&#8221;3&#8243; style=&#8221;dark&#8221; overlay_alpha=&#8221;50&#8243; shift_x=&#8221;0&#8243; shift_y=&#8221;0&#8243; shift_y_down=&#8221;0&#8243; z_index=&#8221;0&#8243; medium_width=&#8221;4&#8243; mobile_width=&#8221;0&#8243; width=&#8221;5\/12&#8243; uncode_shortcode_id=&#8221;872545&#8243;][vc_single_image media=&#8221;110851&#8243; media_width_percent=&#8221;100&#8243; alignment=&#8221;center&#8221; uncode_shortcode_id=&#8221;192190&#8243;][\/vc_column_inner][\/vc_row_inner][\/vc_column][\/vc_row][vc_row row_height_percent=&#8221;0&#8243; override_padding=&#8221;yes&#8221; h_padding=&#8221;2&#8243; top_padding=&#8221;4&#8243; bottom_padding=&#8221;4&#8243; overlay_alpha=&#8221;100&#8243; gutter_size=&#8221;100&#8243; column_width_percent=&#8221;100&#8243; shift_y=&#8221;0&#8243; z_index=&#8221;0&#8243; style=&#8221;inherited&#8221;][vc_column column_width_percent=&#8221;100&#8243; gutter_size=&#8221;3&#8243; overlay_alpha=&#8221;50&#8243; shift_x=&#8221;0&#8243; shift_y=&#8221;0&#8243; shift_y_down=&#8221;0&#8243; z_index=&#8221;0&#8243; medium_width=&#8221;0&#8243; mobile_width=&#8221;0&#8243; zoom_width=&#8221;0&#8243; zoom_height=&#8221;0&#8243; width=&#8221;1\/1&#8243; uncode_shortcode_id=&#8221;790384&#8243;][vc_custom_heading heading_semantic=&#8221;h3&#8243; text_size=&#8221;h3&#8243; text_space=&#8221;fontspace-781688&#8243; uncode_shortcode_id=&#8221;352457&#8243;]<span data-sheets-value=\"{&quot;1&quot;:2,&quot;2&quot;:&quot;Perguntas sobre o tratamento do estudo&quot;}\" data-sheets-userformat=\"{&quot;2&quot;:15297,&quot;3&quot;:{&quot;1&quot;:0},&quot;9&quot;:0,&quot;10&quot;:1,&quot;11&quot;:4,&quot;12&quot;:0,&quot;14&quot;:{&quot;1&quot;:2,&quot;2&quot;:0},&quot;15&quot;:&quot;Arial&quot;,&quot;16&quot;:11}\">Perguntas sobre o tratamento do estudo<\/span>[\/vc_custom_heading][vc_accordion typography=&#8221;yes&#8221; sign=&#8221;plus&#8221; active_tab=&#8221;0&#8243;][vc_accordion_tab gutter_size=&#8221;2&#8243; column_padding=&#8221;2&#8243; title=&#8221;Qual tratamento vou receber durante o estudo?&#8221; tab_id=&#8221;24a731b5-e185-3&#8243;][vc_column_text uncode_shortcode_id=&#8221;165891&#8243;]<span data-sheets-value=\"{&quot;1&quot;:2,&quot;2&quot;:&quot;Voc\u00ea ser\u00e1 colocado aleatoriamente em um grupo de tratamento para receber os dois medicamentos do estudo (grupo de dose baixa ou grupo de dose alta) ou uma op\u00e7\u00e3o de tratamento comumente usada para evitar que o melanoma retorne ap\u00f3s a cirurgia de remo\u00e7\u00e3o do c\u00e2ncer chamada pembrolizumabe, com um placebo.&quot;}\" data-sheets-userformat=\"{&quot;2&quot;:15297,&quot;3&quot;:{&quot;1&quot;:0},&quot;9&quot;:0,&quot;10&quot;:1,&quot;11&quot;:4,&quot;12&quot;:0,&quot;14&quot;:{&quot;1&quot;:2,&quot;2&quot;:7829367},&quot;15&quot;:&quot;Arial&quot;,&quot;16&quot;:11}\">Voc\u00ea ser\u00e1 colocado aleatoriamente em um grupo de tratamento para receber os dois medicamentos do estudo (grupo de dose baixa ou grupo de dose alta) ou uma op\u00e7\u00e3o de tratamento comumente usada para evitar que o melanoma retorne ap\u00f3s a cirurgia de remo\u00e7\u00e3o do c\u00e2ncer chamada pembrolizumabe, com um placebo.<\/span>[\/vc_column_text][\/vc_accordion_tab][vc_accordion_tab gutter_size=&#8221;2&#8243; column_padding=&#8221;2&#8243; title=&#8221;O que significa medicamento do estudo?&#8221; tab_id=&#8221;1666717276638-7-7&#8243;][vc_column_text uncode_shortcode_id=&#8221;115688&#8243;]<span data-sheets-value=\"{&quot;1&quot;:2,&quot;2&quot;:&quot;O termo \u201cmedicamento do estudo\u201d indica que a seguran\u00e7a e a efic\u00e1cia dos medicamentos do estudo n\u00e3o foram totalmente avaliadas e n\u00e3o est\u00e3o atualmente aprovadas pelas autoridades sanit\u00e1rias regulat\u00f3rias espec\u00edficas do pa\u00eds para utiliza\u00e7\u00e3o no tratamento de uma doen\u00e7a espec\u00edfica, mas eles podem ser usados para fins de pesquisa cl\u00ednica.&quot;}\" data-sheets-userformat=\"{&quot;2&quot;:15233,&quot;3&quot;:{&quot;1&quot;:0},&quot;10&quot;:1,&quot;11&quot;:4,&quot;12&quot;:0,&quot;14&quot;:{&quot;1&quot;:2,&quot;2&quot;:7829367},&quot;15&quot;:&quot;Arial&quot;,&quot;16&quot;:11}\">O termo \u201cmedicamento do estudo\u201d indica que a seguran\u00e7a e a efic\u00e1cia dos medicamentos do estudo n\u00e3o foram totalmente avaliadas e n\u00e3o est\u00e3o atualmente aprovadas pelas autoridades sanit\u00e1rias regulat\u00f3rias espec\u00edficas do pa\u00eds para utiliza\u00e7\u00e3o no tratamento de uma doen\u00e7a espec\u00edfica, mas eles podem ser usados para fins de pesquisa cl\u00ednica.<\/span>[\/vc_column_text][\/vc_accordion_tab][vc_accordion_tab gutter_size=&#8221;2&#8243; column_padding=&#8221;2&#8243; title=&#8221;Como os medicamentos do estudo funcionam?&#8221; tab_id=&#8221;51669b3a-8e8e-2&#8243;][vc_column_text uncode_shortcode_id=&#8221;204986&#8243;]<span data-sheets-value=\"{&quot;1&quot;:2,&quot;2&quot;:&quot;Os medicamentos do estudo funcionam ajudando suas c\u00e9lulas do sistema imune a encontrarem e destru\u00edrem c\u00e9lulas cancerosas.&quot;}\" data-sheets-userformat=\"{&quot;2&quot;:15233,&quot;3&quot;:{&quot;1&quot;:0},&quot;10&quot;:1,&quot;11&quot;:4,&quot;12&quot;:0,&quot;14&quot;:{&quot;1&quot;:2,&quot;2&quot;:7829367},&quot;15&quot;:&quot;Arial&quot;,&quot;16&quot;:11}\">Os medicamentos do estudo funcionam ajudando suas c\u00e9lulas do sistema imune a encontrarem e destru\u00edrem c\u00e9lulas cancerosas.<\/span>[\/vc_column_text][\/vc_accordion_tab][vc_accordion_tab gutter_size=&#8221;2&#8243; column_padding=&#8221;2&#8243; title=&#8221;Algum dos medicamentos do estudo j\u00e1 foi usado para tratar casos de melanoma avan\u00e7ado?&#8221; tab_id=&#8221;ef5915c9-1af0-2&#8243;][vc_column_text uncode_shortcode_id=&#8221;152079&#8243;]<span data-sheets-value=\"{&quot;1&quot;:2,&quot;2&quot;:&quot;O pembrolizumabe foi aprovado em alguns pa\u00edses como uma op\u00e7\u00e3o de tratamento para melanoma em adultos. Um dos medicamentos do estudo foi aprovado em alguns pa\u00edses como uma op\u00e7\u00e3o de tratamento para outros tipos de c\u00e2ncer, mas atualmente n\u00e3o foi aprovado para c\u00e2ncer de pele do tipo melanoma. O terceiro medicamento do estudo n\u00e3o foi aprovado em nenhum pa\u00eds para nenhum tipo de tratamento.&quot;}\" data-sheets-userformat=\"{&quot;2&quot;:15233,&quot;3&quot;:{&quot;1&quot;:0},&quot;10&quot;:1,&quot;11&quot;:4,&quot;12&quot;:0,&quot;14&quot;:{&quot;1&quot;:2,&quot;2&quot;:7829367},&quot;15&quot;:&quot;Arial&quot;,&quot;16&quot;:11}\">O pembrolizumabe foi aprovado em alguns pa\u00edses como uma op\u00e7\u00e3o de tratamento para melanoma em adultos. Um dos medicamentos do estudo foi aprovado em alguns pa\u00edses como uma op\u00e7\u00e3o de tratamento para outros tipos de c\u00e2ncer, mas atualmente n\u00e3o foi aprovado para c\u00e2ncer de pele do tipo melanoma. O terceiro medicamento do estudo n\u00e3o foi aprovado em nenhum pa\u00eds para nenhum tipo de tratamento.<\/span>[\/vc_column_text][\/vc_accordion_tab][vc_accordion_tab gutter_size=&#8221;2&#8243; column_padding=&#8221;2&#8243; title=&#8221;O que \u00e9 um placebo?&#8221; tab_id=&#8221;0a882431-6c4b-0&#8243;][vc_column_text uncode_shortcode_id=&#8221;188105&#8243;]<span data-sheets-value=\"{&quot;1&quot;:2,&quot;2&quot;:&quot;Um placebo \u00e9 parecido com o medicamento do estudo, mas n\u00e3o cont\u00e9m nenhum medicamento ativo. Isso permite aos pesquisadores fazer uma compara\u00e7\u00e3o com os medicamentos do estudo para entender melhor seus efeitos. Nenhum participante do estudo receber\u00e1 apenas o placebo. Todos receber\u00e3o um tratamento antic\u00e2ncer ativo.&quot;}\" data-sheets-userformat=\"{&quot;2&quot;:15233,&quot;3&quot;:{&quot;1&quot;:0},&quot;10&quot;:1,&quot;11&quot;:4,&quot;12&quot;:0,&quot;14&quot;:{&quot;1&quot;:2,&quot;2&quot;:7829367},&quot;15&quot;:&quot;Arial&quot;,&quot;16&quot;:11}\">Um placebo \u00e9 parecido com o medicamento do estudo, mas n\u00e3o cont\u00e9m nenhum medicamento ativo. Isso permite aos pesquisadores fazer uma compara\u00e7\u00e3o com os medicamentos do estudo para entender melhor seus efeitos. Nenhum participante do estudo receber\u00e1 apenas o placebo. Todos receber\u00e3o um tratamento antic\u00e2ncer ativo.<\/span>[\/vc_column_text][\/vc_accordion_tab][vc_accordion_tab gutter_size=&#8221;2&#8243; column_padding=&#8221;2&#8243; title=&#8221;Como os grupos de tratamento do estudo s\u00e3o formados?&#8221; tab_id=&#8221;1659029436671-5-0&#8243;][vc_column_text uncode_shortcode_id=&#8221;211551&#8243;]<span data-sheets-value=\"{&quot;1&quot;:2,&quot;2&quot;:&quot;Um computador \u00e9 usado para atribuir participantes a grupos de tratamento do estudo aleatoriamente, como se entregasse cartas de um baralho. Esse processo \u00e9 chamado de randomiza\u00e7\u00e3o.&quot;}\" data-sheets-userformat=\"{&quot;2&quot;:15233,&quot;3&quot;:{&quot;1&quot;:0},&quot;10&quot;:1,&quot;11&quot;:4,&quot;12&quot;:0,&quot;14&quot;:{&quot;1&quot;:2,&quot;2&quot;:7829367},&quot;15&quot;:&quot;Arial&quot;,&quot;16&quot;:11}\">Um computador \u00e9 usado para atribuir participantes a grupos de tratamento do estudo aleatoriamente, como se entregasse cartas de um baralho. Esse processo \u00e9 chamado de randomiza\u00e7\u00e3o.<\/span>[\/vc_column_text][\/vc_accordion_tab][vc_accordion_tab gutter_size=&#8221;2&#8243; column_padding=&#8221;2&#8243; title=&#8221;Os medicamentos do estudo causam algum efeito adverso?&#8221; tab_id=&#8221;1659029463838-6-5&#8243;][vc_column_text uncode_shortcode_id=&#8221;143517&#8243;]<span data-sheets-value=\"{\"1\":2,\"2\":\"Como todos os medicamentos, h\u00e1 uma chance de ocorrerem efeitos colaterais, que s\u00e3o efeitos indesejados e n\u00e3o intencionais de um medicamento. Converse com o m\u00e9dico do estudo para obter mais informa\u00e7\u00f5es sobre poss\u00edveis efeitos adversos. Sua sa\u00fade ser\u00e1 monitorada atentamente durante todo o estudo. \u00c9 muito importante informar o m\u00e9dico do estudo se voc\u00ea notar alguma altera\u00e7\u00e3o em sua sa\u00fade ou se estiver sentindo algum inc\u00f4modo.\"}\" data-sheets-userformat=\"{\"2\":15233,\"3\":{\"1\":0},\"10\":1,\"11\":4,\"12\":0,\"14\":{\"1\":2,\"2\":7829367},\"15\":\"Arial\",\"16\":11}\">Como todos os medicamentos, h\u00e1 uma chance de ocorrerem efeitos adversos, que s\u00e3o efeitos indesejados e n\u00e3o intencionais de um medicamento. Converse com o pesquisador para obter mais informa\u00e7\u00f5es sobre poss\u00edveis efeitos adversos. Sua sa\u00fade ser\u00e1 monitorada atentamente durante todo o estudo. \u00c9 muito importante informar o pesquisador se voc\u00ea notar alguma altera\u00e7\u00e3o em sua sa\u00fade ou se estiver sentindo algum inc\u00f4modo.<\/span>[\/vc_column_text][\/vc_accordion_tab][\/vc_accordion][vc_empty_space empty_h=&#8221;3&#8243;][vc_custom_heading heading_semantic=&#8221;h3&#8243; text_size=&#8221;h3&#8243; text_space=&#8221;fontspace-781688&#8243; uncode_shortcode_id=&#8221;859334&#8243;]<span data-sheets-value=\"{&quot;1&quot;:2,&quot;2&quot;:&quot;Perguntas gerais sobre o estudo&quot;}\" data-sheets-userformat=\"{&quot;2&quot;:31681,&quot;3&quot;:{&quot;1&quot;:0},&quot;9&quot;:0,&quot;10&quot;:1,&quot;11&quot;:4,&quot;12&quot;:0,&quot;14&quot;:{&quot;1&quot;:2,&quot;2&quot;:3158323},&quot;15&quot;:&quot;Arial&quot;,&quot;16&quot;:19,&quot;17&quot;:1}\">Perguntas gerais sobre o estudo<\/span>[\/vc_custom_heading][vc_accordion typography=&#8221;yes&#8221; sign=&#8221;plus&#8221; active_tab=&#8221;0&#8243;][vc_accordion_tab gutter_size=&#8221;2&#8243; column_padding=&#8221;2&#8243; title=&#8221;Por quanto tempo participarei do estudo?&#8221; tab_id=&#8221;1666716724-1-95&#8243;][vc_column_text uncode_shortcode_id=&#8221;378920&#8243;]<span data-sheets-value=\"{&quot;1&quot;:2,&quot;2&quot;:&quot;Voc\u00ea pode participar do estudo por at\u00e9 cinco\u00a0anos.&quot;}\" data-sheets-userformat=\"{&quot;2&quot;:15297,&quot;3&quot;:{&quot;1&quot;:0},&quot;9&quot;:0,&quot;10&quot;:1,&quot;11&quot;:4,&quot;12&quot;:0,&quot;14&quot;:{&quot;1&quot;:2,&quot;2&quot;:7829367},&quot;15&quot;:&quot;Arial&quot;,&quot;16&quot;:13}\">Voc\u00ea pode participar do estudo por at\u00e9 cinco\u00a0anos.<\/span>[\/vc_column_text][\/vc_accordion_tab][vc_accordion_tab gutter_size=&#8221;2&#8243; column_padding=&#8221;2&#8243; title=&#8221;Quantas vezes terei que ir ao centro de estudo?&#8221; tab_id=&#8221;1666716724-2-33&#8243;][vc_column_text uncode_shortcode_id=&#8221;172396&#8243;]<span data-sheets-value=\"{&quot;1&quot;:2,&quot;2&quot;:&quot;Voc\u00ea far\u00e1 visitas do estudo aproximadamente a cada tr\u00eas\u00a0semanas por 12\u00a0meses para receber o tratamento do estudo, assim como far\u00e1 exames para garantir que o tratamento possa ser continuado com seguran\u00e7a. Voc\u00ea tamb\u00e9m far\u00e1 exames de monitoramento aproximadamente a cada 12\u00a0semanas. Ap\u00f3s sua \u00faltima dose do tratamento do estudo, a frequ\u00eancia de seu comparecimento ao centro de estudo depender\u00e1 do estado de seu tumor.&quot;}\" data-sheets-userformat=\"{&quot;2&quot;:15297,&quot;3&quot;:{&quot;1&quot;:0},&quot;9&quot;:0,&quot;10&quot;:1,&quot;11&quot;:4,&quot;12&quot;:0,&quot;14&quot;:{&quot;1&quot;:2,&quot;2&quot;:7829367},&quot;15&quot;:&quot;Arial&quot;,&quot;16&quot;:13}\">Voc\u00ea far\u00e1 visitas do estudo aproximadamente a cada tr\u00eas\u00a0semanas por 12\u00a0meses para receber o tratamento do estudo, assim como far\u00e1 exames para garantir que o tratamento possa ser continuado com seguran\u00e7a. Voc\u00ea tamb\u00e9m far\u00e1 exames de monitoramento aproximadamente a cada 12\u00a0semanas. Ap\u00f3s sua \u00faltima dose do tratamento do estudo, a frequ\u00eancia de seu comparecimento ao centro de estudo depender\u00e1 do estado de seu tumor.<\/span>[\/vc_column_text][\/vc_accordion_tab][vc_accordion_tab gutter_size=&#8221;2&#8243; column_padding=&#8221;2&#8243; title=&#8221;Quais s\u00e3o os benef\u00edcios de se participar do estudo cl\u00ednico?&#8221; tab_id=&#8221;1666716837187-2-3&#8243;][vc_column_text uncode_shortcode_id=&#8221;368788&#8243;]<span data-sheets-value=\"{\"1\":2,\"2\":\"Voc\u00ea pode ou n\u00e3o se beneficiar diretamente por participar do estudo. No entanto, voc\u00ea passar\u00e1 por monitoramento cont\u00ednuo de m\u00e9dicos com experi\u00eancia em c\u00e2ncer de pele do tipo melanoma \u2013 e todas as informa\u00e7\u00f5es coletadas durante o estudo podem ajudar a equipe m\u00e9dica a aprender mais sobre o tratamento de outras pessoas com melanoma.\"}\" data-sheets-userformat=\"{\"2\":15297,\"3\":{\"1\":0},\"9\":0,\"10\":1,\"11\":4,\"12\":0,\"14\":{\"1\":2,\"2\":7829367},\"15\":\"Arial\",\"16\":13}\">Voc\u00ea pode ou n\u00e3o se beneficiar diretamente por participar do estudo. No entanto, voc\u00ea passar\u00e1 por monitoramento cont\u00ednuo de pesquisadores com experi\u00eancia em c\u00e2ncer de pele do tipo melanoma \u2013 e todas as informa\u00e7\u00f5es coletadas durante o estudo podem ajudar a equipe m\u00e9dica a aprender mais sobre o tratamento de outras pessoas com melanoma.<\/span>[\/vc_column_text][\/vc_accordion_tab][vc_accordion_tab gutter_size=&#8221;2&#8243; column_padding=&#8221;2&#8243; title=&#8221;Minha participa\u00e7\u00e3o no estudo ter\u00e1 algum custo?&#8221; tab_id=&#8221;1666716838989-3-9&#8243;][vc_column_text uncode_shortcode_id=&#8221;148623&#8243;]<span data-sheets-value=\"{&quot;1&quot;:2,&quot;2&quot;:&quot;Voc\u00ea n\u00e3o ter\u00e1 nenhum custo ligado aos medicamentos do estudo, visitas, exames ou suprimentos necess\u00e1rios para o tratamento.&quot;}\" data-sheets-userformat=\"{&quot;2&quot;:15297,&quot;3&quot;:{&quot;1&quot;:0},&quot;9&quot;:0,&quot;10&quot;:1,&quot;11&quot;:4,&quot;12&quot;:0,&quot;14&quot;:{&quot;1&quot;:2,&quot;2&quot;:7829367},&quot;15&quot;:&quot;Arial&quot;,&quot;16&quot;:13}\">Voc\u00ea n\u00e3o ter\u00e1 nenhum custo ligado aos medicamentos do estudo, visitas, exames ou suprimentos necess\u00e1rios para o tratamento.<\/span>[\/vc_column_text][\/vc_accordion_tab][vc_accordion_tab gutter_size=&#8221;2&#8243; column_padding=&#8221;2&#8243; title=&#8221;Quem est\u00e1 patrocinando o estudo?&#8221; tab_id=&#8221;1666716840438-4-8&#8243;][vc_column_text uncode_shortcode_id=&#8221;114846&#8243;]<span data-sheets-value=\"{\"1\":2,\"2\":\"A empresa de biotecnologia Regeneron Pharmaceuticals est\u00e1 patrocinando o estudo HARMONY-Adjuvant. Ela paga o m\u00e9dico e o centro pela realiza\u00e7\u00e3o do estudo.\"}\" data-sheets-userformat=\"{\"2\":15297,\"3\":{\"1\":0},\"9\":0,\"10\":1,\"11\":4,\"12\":0,\"14\":{\"1\":2,\"2\":7829367},\"15\":\"Arial\",\"16\":13}\">A empresa de biotecnologia Regeneron Pharmaceuticals est\u00e1 patrocinando o estudo HARMONY-Adjuvant. Ela paga o pesquisador e o centro pela realiza\u00e7\u00e3o do estudo.<\/span>[\/vc_column_text][\/vc_accordion_tab][vc_accordion_tab gutter_size=&#8221;2&#8243; column_padding=&#8221;2&#8243; title=&#8221;E se eu decidir participar do estudo e depois mudar de ideia?&#8221; tab_id=&#8221;1666716966938-5-6&#8243;][vc_column_text uncode_shortcode_id=&#8221;133429&#8243;]<span data-sheets-value=\"{&quot;1&quot;:2,&quot;2&quot;:&quot;A participa\u00e7\u00e3o no estudo \u00e9 totalmente volunt\u00e1ria. Se voc\u00ea decidir participar e depois mudar de ideia, pode sair a qualquer momento.&quot;}\" data-sheets-userformat=\"{&quot;2&quot;:15297,&quot;3&quot;:{&quot;1&quot;:0},&quot;9&quot;:0,&quot;10&quot;:1,&quot;11&quot;:4,&quot;12&quot;:0,&quot;14&quot;:{&quot;1&quot;:2,&quot;2&quot;:7829367},&quot;15&quot;:&quot;Arial&quot;,&quot;16&quot;:13}\">A participa\u00e7\u00e3o no estudo \u00e9 totalmente volunt\u00e1ria. Se voc\u00ea decidir participar e depois mudar de ideia, pode sair a qualquer momento.<\/span>[\/vc_column_text][\/vc_accordion_tab][\/vc_accordion][\/vc_column][\/vc_row]<\/p>\n<\/div>","protected":false},"excerpt":{"rendered":"<p>[vc_row row_height_percent=&#8221;90&#8243; override_padding=&#8221;yes&#8221; h_padding=&#8221;2&#8243; top_padding=&#8221;5&#8243; bottom_padding=&#8221;5&#8243; back_color=&#8221;color-105898&#8243; back_image=&#8221;110855&#8243; back_position=&#8221;center top&#8221; overlay_alpha=&#8221;50&#8243; gutter_size=&#8221;4&#8243; column_width_percent=&#8221;100&#8243; shift_y=&#8221;0&#8243; z_index=&#8221;0&#8243; top_divider=&#8221;gradient&#8221; bottom_divider=&#8221;step_3_4&#8243; uncode_shortcode_id=&#8221;171042&#8243; back_color_type=&#8221;uncode-palette&#8221;][vc_column column_width_percent=&#8221;100&#8243; [&hellip;]<\/p>\n","protected":false},"author":2,"featured_media":0,"parent":0,"menu_order":0,"comment_status":"closed","ping_status":"closed","template":"","meta":{"footnotes":""},"class_list":["post-116057","page","type-page","status-publish","hentry"],"aioseo_notices":[],"_links":{"self":[{"href":"https:\/\/stg.harmonyadjuvantmelanomastudy.com\/pt-br\/wp-json\/wp\/v2\/pages\/116057","targetHints":{"allow":["GET"]}}],"collection":[{"href":"https:\/\/stg.harmonyadjuvantmelanomastudy.com\/pt-br\/wp-json\/wp\/v2\/pages"}],"about":[{"href":"https:\/\/stg.harmonyadjuvantmelanomastudy.com\/pt-br\/wp-json\/wp\/v2\/types\/page"}],"author":[{"embeddable":true,"href":"https:\/\/stg.harmonyadjuvantmelanomastudy.com\/pt-br\/wp-json\/wp\/v2\/users\/2"}],"replies":[{"embeddable":true,"href":"https:\/\/stg.harmonyadjuvantmelanomastudy.com\/pt-br\/wp-json\/wp\/v2\/comments?post=116057"}],"version-history":[{"count":0,"href":"https:\/\/stg.harmonyadjuvantmelanomastudy.com\/pt-br\/wp-json\/wp\/v2\/pages\/116057\/revisions"}],"wp:attachment":[{"href":"https:\/\/stg.harmonyadjuvantmelanomastudy.com\/pt-br\/wp-json\/wp\/v2\/media?parent=116057"}],"curies":[{"name":"wp","href":"https:\/\/api.w.org\/{rel}","templated":true}]}}